{"id":22,"date":"2025-06-05T07:56:33","date_gmt":"2025-06-05T07:56:33","guid":{"rendered":"https:\/\/dellasante.pl\/?page_id=22"},"modified":"2025-06-09T11:52:22","modified_gmt":"2025-06-09T11:52:22","slug":"strona-glowna","status":"publish","type":"page","link":"https:\/\/dellasante.pl\/","title":{"rendered":"Strona g\u0142\u00f3wna"},"content":{"rendered":"\t\t<div data-elementor-type=\"wp-page\" data-elementor-id=\"22\" class=\"elementor elementor-22\">\n\t\t\t\t<div class=\"elementor-element elementor-element-c42e0fe e-flex e-con-boxed e-con e-parent\" data-id=\"c42e0fe\" data-element_type=\"container\" data-settings=\"{&quot;background_background&quot;:&quot;classic&quot;}\">\n\t\t\t\t\t<div class=\"e-con-inner\">\n\t\t\t\t<div class=\"elementor-element elementor-element-52355616 elementor-widget elementor-widget-image\" data-id=\"52355616\" data-element_type=\"widget\" data-widget_type=\"image.default\">\n\t\t\t\t<div class=\"elementor-widget-container\">\n\t\t\t\t\t\t\t\t\t\t\t\t\t\t\t<img fetchpriority=\"high\" decoding=\"async\" width=\"700\" height=\"300\" src=\"https:\/\/dellasante.pl\/wp-content\/uploads\/2025\/06\/logo-della-2.png\" class=\"attachment-large size-large wp-image-24\" alt=\"\" srcset=\"https:\/\/dellasante.pl\/wp-content\/uploads\/2025\/06\/logo-della-2.png 700w, https:\/\/dellasante.pl\/wp-content\/uploads\/2025\/06\/logo-della-2-300x129.png 300w\" sizes=\"(max-width: 700px) 100vw, 700px\" \/>\t\t\t\t\t\t\t\t\t\t\t\t\t\t\t<\/div>\n\t\t\t\t<\/div>\n\t\t\t\t\t<\/div>\n\t\t\t\t<\/div>\n\t\t<div class=\"elementor-element elementor-element-21c53bf3 e-flex e-con-boxed e-con e-parent\" data-id=\"21c53bf3\" data-element_type=\"container\" data-settings=\"{&quot;background_background&quot;:&quot;video&quot;,&quot;background_video_link&quot;:&quot;https:\\\/\\\/dellasante.pl\\\/wp-content\\\/uploads\\\/2025\\\/06\\\/video-dubai-sante.mp4&quot;,&quot;background_play_on_mobile&quot;:&quot;yes&quot;}\">\n\t\t\t\t\t<div class=\"e-con-inner\">\n\t\t<div class=\"elementor-background-video-container\">\n\t\t\t\t\t\t\t<video class=\"elementor-background-video-hosted\" autoplay muted playsinline loop><\/video>\n\t\t\t\t\t<\/div><div class=\"elementor-element elementor-element-3e768d8 e-con-full e-flex e-con e-child\" data-id=\"3e768d8\" data-element_type=\"container\">\n\t\t\t\t<div class=\"elementor-element elementor-element-7b3862fe elementor-widget__width-initial elementor-widget elementor-widget-image\" data-id=\"7b3862fe\" data-element_type=\"widget\" data-widget_type=\"image.default\">\n\t\t\t\t<div class=\"elementor-widget-container\">\n\t\t\t\t\t\t\t\t\t\t\t\t\t\t\t<img decoding=\"async\" width=\"700\" height=\"300\" src=\"https:\/\/dellasante.pl\/wp-content\/uploads\/2025\/06\/kuszaca-dubajski.png\" class=\"attachment-large size-large wp-image-26\" alt=\"\" srcset=\"https:\/\/dellasante.pl\/wp-content\/uploads\/2025\/06\/kuszaca-dubajski.png 700w, https:\/\/dellasante.pl\/wp-content\/uploads\/2025\/06\/kuszaca-dubajski-300x129.png 300w\" sizes=\"(max-width: 700px) 100vw, 700px\" \/>\t\t\t\t\t\t\t\t\t\t\t\t\t\t\t<\/div>\n\t\t\t\t<\/div>\n\t\t\t\t<div class=\"elementor-element elementor-element-2ac9e886 elementor-widget elementor-widget-text-editor\" data-id=\"2ac9e886\" data-element_type=\"widget\" data-widget_type=\"text-editor.default\">\n\t\t\t\t<div class=\"elementor-widget-container\">\n\t\t\t\t\t\t\t\t\t<p>Dubai Style Chocolate Cream od DellaSante to krem o wyj\u0105tkowym, orientalnym smaku inspirowanym luksusem Dubaju. Idealny do deser\u00f3w i pieczywa, przenosi zmys\u0142y w \u015bwiat egzotycznej s\u0142odyczy.<\/p>\t\t\t\t\t\t\t\t<\/div>\n\t\t\t\t<\/div>\n\t\t\t\t<\/div>\n\t\t<div class=\"elementor-element elementor-element-6130c8e2 e-con-full e-flex e-con e-child\" data-id=\"6130c8e2\" data-element_type=\"container\">\n\t\t\t\t<div class=\"elementor-element elementor-element-3305fcf7 elementor-widget elementor-widget-image\" data-id=\"3305fcf7\" data-element_type=\"widget\" data-widget_type=\"image.default\">\n\t\t\t\t<div class=\"elementor-widget-container\">\n\t\t\t\t\t\t\t\t\t\t\t\t\t\t\t<img decoding=\"async\" width=\"1011\" height=\"1024\" src=\"https:\/\/dellasante.pl\/wp-content\/uploads\/2025\/06\/produkt-1011x1024.png\" class=\"attachment-large size-large wp-image-27\" alt=\"\" srcset=\"https:\/\/dellasante.pl\/wp-content\/uploads\/2025\/06\/produkt-1011x1024.png 1011w, https:\/\/dellasante.pl\/wp-content\/uploads\/2025\/06\/produkt-296x300.png 296w, https:\/\/dellasante.pl\/wp-content\/uploads\/2025\/06\/produkt-768x778.png 768w, https:\/\/dellasante.pl\/wp-content\/uploads\/2025\/06\/produkt.png 1100w\" sizes=\"(max-width: 1011px) 100vw, 1011px\" \/>\t\t\t\t\t\t\t\t\t\t\t\t\t\t\t<\/div>\n\t\t\t\t<\/div>\n\t\t\t\t<\/div>\n\t\t\t\t\t<\/div>\n\t\t\t\t<\/div>\n\t\t<div class=\"elementor-element elementor-element-3397a053 e-flex e-con-boxed e-con e-parent\" data-id=\"3397a053\" data-element_type=\"container\" data-settings=\"{&quot;background_background&quot;:&quot;classic&quot;}\">\n\t\t\t\t\t<div class=\"e-con-inner\">\n\t\t<div class=\"elementor-element elementor-element-218484a5 e-con-full e-flex e-con e-child\" data-id=\"218484a5\" data-element_type=\"container\">\n\t\t\t\t<div class=\"elementor-element elementor-element-33085b7e elementor-widget__width-initial elementor-widget elementor-widget-image\" data-id=\"33085b7e\" data-element_type=\"widget\" data-widget_type=\"image.default\">\n\t\t\t\t<div class=\"elementor-widget-container\">\n\t\t\t\t\t\t\t\t\t\t\t\t\t\t\t<img loading=\"lazy\" decoding=\"async\" width=\"600\" height=\"600\" src=\"https:\/\/dellasante.pl\/wp-content\/uploads\/2025\/06\/logo-lidl.jpg\" class=\"attachment-large size-large wp-image-28\" alt=\"\" srcset=\"https:\/\/dellasante.pl\/wp-content\/uploads\/2025\/06\/logo-lidl.jpg 600w, https:\/\/dellasante.pl\/wp-content\/uploads\/2025\/06\/logo-lidl-300x300.jpg 300w, https:\/\/dellasante.pl\/wp-content\/uploads\/2025\/06\/logo-lidl-150x150.jpg 150w\" sizes=\"(max-width: 600px) 100vw, 600px\" \/>\t\t\t\t\t\t\t\t\t\t\t\t\t\t\t<\/div>\n\t\t\t\t<\/div>\n\t\t\t\t<\/div>\n\t\t<div class=\"elementor-element elementor-element-5d232096 e-con-full e-flex e-con e-child\" data-id=\"5d232096\" data-element_type=\"container\">\n\t\t\t\t<div class=\"elementor-element elementor-element-11560412 elementor-widget elementor-widget-image\" data-id=\"11560412\" data-element_type=\"widget\" data-widget_type=\"image.default\">\n\t\t\t\t<div class=\"elementor-widget-container\">\n\t\t\t\t\t\t\t\t\t\t\t\t\t\t\t<img loading=\"lazy\" decoding=\"async\" width=\"1024\" height=\"295\" src=\"https:\/\/dellasante.pl\/wp-content\/uploads\/2025\/06\/dostepne-2-1024x295.png\" class=\"attachment-large size-large wp-image-29\" alt=\"\" srcset=\"https:\/\/dellasante.pl\/wp-content\/uploads\/2025\/06\/dostepne-2-1024x295.png 1024w, https:\/\/dellasante.pl\/wp-content\/uploads\/2025\/06\/dostepne-2-300x86.png 300w, https:\/\/dellasante.pl\/wp-content\/uploads\/2025\/06\/dostepne-2-768x221.png 768w, https:\/\/dellasante.pl\/wp-content\/uploads\/2025\/06\/dostepne-2-1536x442.png 1536w, https:\/\/dellasante.pl\/wp-content\/uploads\/2025\/06\/dostepne-2.png 1920w\" sizes=\"(max-width: 1024px) 100vw, 1024px\" \/>\t\t\t\t\t\t\t\t\t\t\t\t\t\t\t<\/div>\n\t\t\t\t<\/div>\n\t\t\t\t<\/div>\n\t\t\t\t\t<\/div>\n\t\t\t\t<\/div>\n\t\t\t\t<\/div>\n\t\t","protected":false},"excerpt":{"rendered":"<p>Dubai Style Chocolate Cream od DellaSante to krem o wyj\u0105tkowym, orientalnym smaku inspirowanym luksusem Dubaju. Idealny do deser\u00f3w i pieczywa, przenosi zmys\u0142y w \u015bwiat egzotycznej s\u0142odyczy.<\/p>\n","protected":false},"author":3,"featured_media":0,"parent":0,"menu_order":0,"comment_status":"closed","ping_status":"closed","template":"elementor_header_footer","meta":{"footnotes":""},"class_list":["post-22","page","type-page","status-publish","hentry","entry"],"_links":{"self":[{"href":"https:\/\/dellasante.pl\/index.php?rest_route=\/wp\/v2\/pages\/22","targetHints":{"allow":["GET"]}}],"collection":[{"href":"https:\/\/dellasante.pl\/index.php?rest_route=\/wp\/v2\/pages"}],"about":[{"href":"https:\/\/dellasante.pl\/index.php?rest_route=\/wp\/v2\/types\/page"}],"author":[{"embeddable":true,"href":"https:\/\/dellasante.pl\/index.php?rest_route=\/wp\/v2\/users\/3"}],"replies":[{"embeddable":true,"href":"https:\/\/dellasante.pl\/index.php?rest_route=%2Fwp%2Fv2%2Fcomments&post=22"}],"version-history":[{"count":22,"href":"https:\/\/dellasante.pl\/index.php?rest_route=\/wp\/v2\/pages\/22\/revisions"}],"predecessor-version":[{"id":92,"href":"https:\/\/dellasante.pl\/index.php?rest_route=\/wp\/v2\/pages\/22\/revisions\/92"}],"wp:attachment":[{"href":"https:\/\/dellasante.pl\/index.php?rest_route=%2Fwp%2Fv2%2Fmedia&parent=22"}],"curies":[{"name":"wp","href":"https:\/\/api.w.org\/{rel}","templated":true}]}}